{"id":3,"date":"2022-06-28T21:40:06","date_gmt":"2022-06-28T21:40:06","guid":{"rendered":"http:\/\/magicworldaruba.com\/?page_id=3"},"modified":"2022-09-27T00:40:45","modified_gmt":"2022-09-27T00:40:45","slug":"privacy-policy","status":"publish","type":"page","link":"https:\/\/magicworldaruba.com\/index.php\/privacy-policy\/","title":{"rendered":"Privacy Policy"},"content":{"rendered":"<p>[et_pb_section fb_built=&#8221;1&#8243; admin_label=&#8221;section&#8221; _builder_version=&#8221;3.22&#8243; global_colors_info=&#8221;{}&#8221;][et_pb_row admin_label=&#8221;row&#8221; _builder_version=&#8221;3.25&#8243; background_size=&#8221;initial&#8221; background_position=&#8221;top_left&#8221; background_repeat=&#8221;repeat&#8221; global_colors_info=&#8221;{}&#8221;][et_pb_column type=&#8221;4_4&#8243; _builder_version=&#8221;3.25&#8243; custom_padding=&#8221;|||&#8221; global_colors_info=&#8221;{}&#8221; custom_padding__hover=&#8221;|||&#8221;][et_pb_text admin_label=&#8221;Text&#8221; _builder_version=&#8221;4.14.2&#8243; background_size=&#8221;initial&#8221; background_position=&#8221;top_left&#8221; background_repeat=&#8221;repeat&#8221; hover_enabled=&#8221;0&#8243; global_colors_info=&#8221;{}&#8221; sticky_enabled=&#8221;0&#8243;]<\/p>\n<h4>Pol\u00edtica de privacidad<\/h4>\n<p>El sitio web https:\/\/magicworldaruba.com\/wp-admin es propiedad de Magic World Aruba, que es un controlador de datos de tus datos personales.<\/p>\n<p>Hemos adoptado esta Pol\u00edtica de privacidad, que determina c\u00f3mo procesamos la informaci\u00f3n recopilada por https:\/\/magicworldaruba.com\/wp-admin, que tambi\u00e9n proporciona las razones por las que debemos recopilar ciertos datos personales sobre ti. Por lo tanto, debes leer esta Pol\u00edtica de privacidad antes de usar el sitio web de https:\/\/magicworldaruba.com\/wp-admin.<\/p>\n<p>Cuidamos tus datos personales y nos comprometemos a garantizar su confidencialidad y seguridad.<\/p>\n<h4>Informaci\u00f3n personal que recopilamos:<\/h4>\n<p>Cuando visitas https:\/\/magicworldaruba.com\/wp-admin, recopilamos autom\u00e1ticamente cierta informaci\u00f3n sobre tu dispositivo, incluida informaci\u00f3n sobre tu navegador web, direcci\u00f3n IP, zona horaria y algunas de las cookies instaladas en tu dispositivo. Adem\u00e1s, a medida que navegas por el sitio, recopilamos informaci\u00f3n sobre las p\u00e1ginas web individuales o los productos que ves, qu\u00e9 sitios web o t\u00e9rminos de b\u00fasqueda te remitieron al sitio y c\u00f3mo interact\u00faas con \u00e9l. Nos referimos a esta informaci\u00f3n recopilada autom\u00e1ticamente como &#8220;Informaci\u00f3n del dispositivo&#8221;. Adem\u00e1s, podemos recopilar los datos personales que nos proporcionas (incluidos, entre otros, nombre, apellido, direcci\u00f3n, informaci\u00f3n de pago, etc.) durante el registro para poder cumplir con el acuerdo.<\/p>\n<h4>\u00bfPor qu\u00e9 procesamos tus datos?<\/h4>\n<p>Nuestra m\u00e1xima prioridad es la seguridad de los datos del cliente y, como tal, podemos procesar solo los datos m\u00ednimos del usuario, solo en la medida en que sea absolutamente necesario para mantener el sitio web. La informaci\u00f3n recopilada autom\u00e1ticamente se utiliza solo para identificar casos potenciales de abuso y establecer informaci\u00f3n estad\u00edstica sobre el uso del sitio web. Esta informaci\u00f3n estad\u00edstica no se agrega de tal manera que identifique a ning\u00fan usuario en particular del sistema.<\/p>\n<p>Puedes visitar el sitio sin decirnos qui\u00e9n eres ni revelar ninguna informaci\u00f3n por la cual alguien pueda identificarte como una persona espec\u00edfica. Sin embargo, si deseas utilizar algunas de las funciones del sitio web, o deseas recibir nuestro bolet\u00edn informativo o proporcionar otros detalles al completar un formulario, puedes proporcionarnos datos personales, como tu correo electr\u00f3nico, nombre, apellido, ciudad de residencia, organizaci\u00f3n y n\u00famero de tel\u00e9fono. Puedes optar por no proporcionar tus datos personales, pero es posible que no puedas aprovechar algunas de las funciones del sitio web. Por ejemplo, no podr\u00e1s recibir nuestro bolet\u00edn ni contactarnos directamente desde el sitio web. Los usuarios que no est\u00e9n seguros de qu\u00e9 informaci\u00f3n es obligatoria pueden ponerse en contacto con nosotros a trav\u00e9s de contact@magicworldaruba.com.<\/p>\n<h4>Tus derechos:<\/h4>\n<p>Si eres residente europeo, tienes los siguientes derechos relacionados con tus datos personales:<\/p>\n<ul>\n<li>El derecho a ser informado.<\/li>\n<li>El derecho de acceso.<\/li>\n<li>El derecho a la rectificaci\u00f3n.<\/li>\n<li>El derecho a borrar.<\/li>\n<li>El derecho a restringir el procesamiento.<\/li>\n<li>El derecho a la portabilidad de datos.<\/li>\n<li>El derecho a oponerte.<\/li>\n<li>Derechos en relaci\u00f3n con la toma de decisiones automatizada y la elaboraci\u00f3n de perfiles.<\/li>\n<\/ul>\n<p>Si deseas ejercer este derecho, comun\u00edcate con nosotros a trav\u00e9s de la informaci\u00f3n de contacto a continuaci\u00f3n.<\/p>\n<p>Adem\u00e1s, si eres residente europeo, destacamos que estamos procesando tu informaci\u00f3n para cumplir con los contratos que podr\u00edamos tener contigo (por ejemplo, si realizas un pedido a trav\u00e9s del sitio), o de otra manera para seguir nuestros intereses comerciales leg\u00edtimos enumerados anteriormente. Adem\u00e1s, ten en cuenta que tu informaci\u00f3n puede transferirse fuera de Europa, incluidos Canad\u00e1 y Estados Unidos.<\/p>\n<h4>Enlaces a otros sitios web:<\/h4>\n<p>Nuestro sitio puede contener enlaces a otros sitios web que no son de nuestra propiedad ni est\u00e1n controlados por nosotros. Ten en cuenta que no somos responsables de dichos sitios web ni de las pr\u00e1cticas de privacidad de terceros. Te recomendamos que est\u00e9s atento cuando abandones nuestro sitio web y leas las declaraciones de privacidad de cada sitio que pueda recopilar informaci\u00f3n personal.<\/p>\n<h4>Seguridad de la informaci\u00f3n:<\/h4>\n<p>Aseguramos la informaci\u00f3n que proporcionas en servidores inform\u00e1ticos en un entorno controlado y seguro, protegido del acceso, uso o divulgaci\u00f3n no autorizados. Mantenemos medidas de seguridad administrativas, t\u00e9cnicas y f\u00edsicas razonables para proteger contra el acceso no autorizado, el uso, la modificaci\u00f3n y la divulgaci\u00f3n de datos personales bajo su control y custodia. Sin embargo, no se puede garantizar la transmisi\u00f3n de datos a trav\u00e9s de Internet o redes inal\u00e1mbricas.<\/p>\n<h4>Divulgaci\u00f3n legal:<\/h4>\n<p>Divulgaremos cualquier informaci\u00f3n que recopilemos, usemos o recibamos si as\u00ed lo requiere o lo permite la ley, como para cumplir con una citaci\u00f3n o un proceso legal similar, y cuando creemos de buena fe que la divulgaci\u00f3n es necesaria para proteger nuestros derechos, proteger tu seguridad o la seguridad de los dem\u00e1s, investigar el fraude o responder a una solicitud del gobierno.<\/p>\n<h4>Informaci\u00f3n de contacto:<\/h4>\n<p>Si deseas comunicarte con nosotros para comprender m\u00e1s sobre esta Pol\u00edtica o deseas comunicarte con nosotros en relaci\u00f3n con cualquier asunto sobre los derechos individuales y tu informaci\u00f3n personal, puedes enviarnos un correo electr\u00f3nico a contact@magicworldaruba.com.<\/p>\n<p>[\/et_pb_text][\/et_pb_column][\/et_pb_row][\/et_pb_section]<\/p>\n","protected":false},"excerpt":{"rendered":"<p>Pol\u00edtica de privacidad El sitio web https:\/\/magicworldaruba.com\/wp-admin es propiedad de Magic World Aruba, que es un controlador de datos de tus datos personales. Hemos adoptado esta Pol\u00edtica de privacidad, que determina c\u00f3mo procesamos la informaci\u00f3n recopilada por https:\/\/magicworldaruba.com\/wp-admin, que tambi\u00e9n proporciona las razones por las que debemos recopilar ciertos datos personales sobre ti. Por lo [&hellip;]<\/p>\n","protected":false},"author":1,"featured_media":0,"parent":0,"menu_order":0,"comment_status":"closed","ping_status":"open","template":"","meta":{"_et_pb_use_builder":"on","_et_pb_old_content":"<!-- wp:heading --><h2>Who we are<\/h2><!-- \/wp:heading --><!-- wp:paragraph --><p><strong class=\"privacy-policy-tutorial\">Suggested text: <\/strong>Our website address is: http:\/\/magicworldaruba.com.<\/p><!-- \/wp:paragraph --><!-- wp:heading --><h2>Comments<\/h2><!-- \/wp:heading --><!-- wp:paragraph --><p><strong class=\"privacy-policy-tutorial\">Suggested text: <\/strong>When visitors leave comments on the site we collect the data shown in the comments form, and also the visitor&#8217;s IP address and browser user agent string to help spam detection.<\/p><!-- \/wp:paragraph --><!-- wp:paragraph --><p>An anonymized string created from your email address (also called a hash) may be provided to the Gravatar service to see if you are using it. The Gravatar service privacy policy is available here: https:\/\/automattic.com\/privacy\/. After approval of your comment, your profile picture is visible to the public in the context of your comment.<\/p><!-- \/wp:paragraph --><!-- wp:heading --><h2>Media<\/h2><!-- \/wp:heading --><!-- wp:paragraph --><p><strong class=\"privacy-policy-tutorial\">Suggested text: <\/strong>If you upload images to the website, you should avoid uploading images with embedded location data (EXIF GPS) included. Visitors to the website can download and extract any location data from images on the website.<\/p><!-- \/wp:paragraph --><!-- wp:heading --><h2>Cookies<\/h2><!-- \/wp:heading --><!-- wp:paragraph --><p><strong class=\"privacy-policy-tutorial\">Suggested text: <\/strong>If you leave a comment on our site you may opt-in to saving your name, email address and website in cookies. These are for your convenience so that you do not have to fill in your details again when you leave another comment. These cookies will last for one year.<\/p><!-- \/wp:paragraph --><!-- wp:paragraph --><p>If you visit our login page, we will set a temporary cookie to determine if your browser accepts cookies. This cookie contains no personal data and is discarded when you close your browser.<\/p><!-- \/wp:paragraph --><!-- wp:paragraph --><p>When you log in, we will also set up several cookies to save your login information and your screen display choices. Login cookies last for two days, and screen options cookies last for a year. If you select &quot;Remember Me&quot;, your login will persist for two weeks. If you log out of your account, the login cookies will be removed.<\/p><!-- \/wp:paragraph --><!-- wp:paragraph --><p>If you edit or publish an article, an additional cookie will be saved in your browser. This cookie includes no personal data and simply indicates the post ID of the article you just edited. It expires after 1 day.<\/p><!-- \/wp:paragraph --><!-- wp:heading --><h2>Embedded content from other websites<\/h2><!-- \/wp:heading --><!-- wp:paragraph --><p><strong class=\"privacy-policy-tutorial\">Suggested text: <\/strong>Articles on this site may include embedded content (e.g. videos, images, articles, etc.). Embedded content from other websites behaves in the exact same way as if the visitor has visited the other website.<\/p><!-- \/wp:paragraph --><!-- wp:paragraph --><p>These websites may collect data about you, use cookies, embed additional third-party tracking, and monitor your interaction with that embedded content, including tracking your interaction with the embedded content if you have an account and are logged in to that website.<\/p><!-- \/wp:paragraph --><!-- wp:heading --><h2>Who we share your data with<\/h2><!-- \/wp:heading --><!-- wp:paragraph --><p><strong class=\"privacy-policy-tutorial\">Suggested text: <\/strong>If you request a password reset, your IP address will be included in the reset email.<\/p><!-- \/wp:paragraph --><!-- wp:heading --><h2>How long we retain your data<\/h2><!-- \/wp:heading --><!-- wp:paragraph --><p><strong class=\"privacy-policy-tutorial\">Suggested text: <\/strong>If you leave a comment, the comment and its metadata are retained indefinitely. This is so we can recognize and approve any follow-up comments automatically instead of holding them in a moderation queue.<\/p><!-- \/wp:paragraph --><!-- wp:paragraph --><p>For users that register on our website (if any), we also store the personal information they provide in their user profile. All users can see, edit, or delete their personal information at any time (except they cannot change their username). Website administrators can also see and edit that information.<\/p><!-- \/wp:paragraph --><!-- wp:heading --><h2>What rights you have over your data<\/h2><!-- \/wp:heading --><!-- wp:paragraph --><p><strong class=\"privacy-policy-tutorial\">Suggested text: <\/strong>If you have an account on this site, or have left comments, you can request to receive an exported file of the personal data we hold about you, including any data you have provided to us. You can also request that we erase any personal data we hold about you. This does not include any data we are obliged to keep for administrative, legal, or security purposes.<\/p><!-- \/wp:paragraph --><!-- wp:heading --><h2>Where your data is sent<\/h2><!-- \/wp:heading --><!-- wp:paragraph --><p><strong class=\"privacy-policy-tutorial\">Suggested text: <\/strong>Visitor comments may be checked through an automated spam detection service.<\/p><!-- \/wp:paragraph -->","_et_gb_content_width":"","footnotes":""},"yoast_head":"<!-- This site is optimized with the Yoast SEO plugin v19.2 - https:\/\/yoast.com\/wordpress\/plugins\/seo\/ -->\n<title>Privacy Policy - Magic World Aruba<\/title>\n<meta name=\"robots\" content=\"index, follow, max-snippet:-1, max-image-preview:large, max-video-preview:-1\" \/>\n<link rel=\"canonical\" href=\"https:\/\/magicworldaruba.com\/index.php\/privacy-policy\/\" \/>\n<meta property=\"og:locale\" content=\"en_US\" \/>\n<meta property=\"og:type\" content=\"article\" \/>\n<meta property=\"og:title\" content=\"Privacy Policy - Magic World Aruba\" \/>\n<meta property=\"og:description\" content=\"Pol\u00edtica de privacidad El sitio web https:\/\/magicworldaruba.com\/wp-admin es propiedad de Magic World Aruba, que es un controlador de datos de tus datos personales. Hemos adoptado esta Pol\u00edtica de privacidad, que determina c\u00f3mo procesamos la informaci\u00f3n recopilada por https:\/\/magicworldaruba.com\/wp-admin, que tambi\u00e9n proporciona las razones por las que debemos recopilar ciertos datos personales sobre ti. Por lo [&hellip;]\" \/>\n<meta property=\"og:url\" content=\"https:\/\/magicworldaruba.com\/index.php\/privacy-policy\/\" \/>\n<meta property=\"og:site_name\" content=\"Magic World Aruba\" \/>\n<meta property=\"article:modified_time\" content=\"2022-09-27T00:40:45+00:00\" \/>\n<meta name=\"author\" content=\"Mundo m\u00e1gico de Aruba\" \/>\n<meta name=\"twitter:card\" content=\"summary_large_image\" \/>\n<meta name=\"twitter:label1\" content=\"Est. reading time\" \/>\n\t<meta name=\"twitter:data1\" content=\"5 minutes\" \/>\n<script type=\"application\/ld+json\" class=\"yoast-schema-graph\">{\"@context\":\"https:\/\/schema.org\",\"@graph\":[{\"@type\":\"WebSite\",\"@id\":\"https:\/\/magicworldaruba.com\/#website\",\"url\":\"https:\/\/magicworldaruba.com\/\",\"name\":\"Magic World Aruba\",\"description\":\"\",\"potentialAction\":[{\"@type\":\"SearchAction\",\"target\":{\"@type\":\"EntryPoint\",\"urlTemplate\":\"https:\/\/magicworldaruba.com\/?s={search_term_string}\"},\"query-input\":\"required name=search_term_string\"}],\"inLanguage\":\"en-US\"},{\"@type\":\"WebPage\",\"@id\":\"https:\/\/magicworldaruba.com\/index.php\/privacy-policy\/#webpage\",\"url\":\"https:\/\/magicworldaruba.com\/index.php\/privacy-policy\/\",\"name\":\"Privacy Policy - Magic World Aruba\",\"isPartOf\":{\"@id\":\"https:\/\/magicworldaruba.com\/#website\"},\"datePublished\":\"2022-06-28T21:40:06+00:00\",\"dateModified\":\"2022-09-27T00:40:45+00:00\",\"breadcrumb\":{\"@id\":\"https:\/\/magicworldaruba.com\/index.php\/privacy-policy\/#breadcrumb\"},\"inLanguage\":\"en-US\",\"potentialAction\":[{\"@type\":\"ReadAction\",\"target\":[\"https:\/\/magicworldaruba.com\/index.php\/privacy-policy\/\"]}]},{\"@type\":\"BreadcrumbList\",\"@id\":\"https:\/\/magicworldaruba.com\/index.php\/privacy-policy\/#breadcrumb\",\"itemListElement\":[{\"@type\":\"ListItem\",\"position\":1,\"name\":\"Home\",\"item\":\"https:\/\/magicworldaruba.com\/\"},{\"@type\":\"ListItem\",\"position\":2,\"name\":\"Privacy Policy\"}]}]}<\/script>\n<!-- \/ Yoast SEO plugin. -->","yoast_head_json":{"title":"Privacy Policy - Magic World Aruba","robots":{"index":"index","follow":"follow","max-snippet":"max-snippet:-1","max-image-preview":"max-image-preview:large","max-video-preview":"max-video-preview:-1"},"canonical":"https:\/\/magicworldaruba.com\/index.php\/privacy-policy\/","og_locale":"en_US","og_type":"article","og_title":"Privacy Policy - Magic World Aruba","og_description":"Pol\u00edtica de privacidad El sitio web https:\/\/magicworldaruba.com\/wp-admin es propiedad de Magic World Aruba, que es un controlador de datos de tus datos personales. Hemos adoptado esta Pol\u00edtica de privacidad, que determina c\u00f3mo procesamos la informaci\u00f3n recopilada por https:\/\/magicworldaruba.com\/wp-admin, que tambi\u00e9n proporciona las razones por las que debemos recopilar ciertos datos personales sobre ti. Por lo [&hellip;]","og_url":"https:\/\/magicworldaruba.com\/index.php\/privacy-policy\/","og_site_name":"Magic World Aruba","article_modified_time":"2022-09-27T00:40:45+00:00","author":"Mundo m\u00e1gico de Aruba","twitter_card":"summary_large_image","twitter_misc":{"Est. reading time":"5 minutes"},"schema":{"@context":"https:\/\/schema.org","@graph":[{"@type":"WebSite","@id":"https:\/\/magicworldaruba.com\/#website","url":"https:\/\/magicworldaruba.com\/","name":"Magic World Aruba","description":"","potentialAction":[{"@type":"SearchAction","target":{"@type":"EntryPoint","urlTemplate":"https:\/\/magicworldaruba.com\/?s={search_term_string}"},"query-input":"required name=search_term_string"}],"inLanguage":"en-US"},{"@type":"WebPage","@id":"https:\/\/magicworldaruba.com\/index.php\/privacy-policy\/#webpage","url":"https:\/\/magicworldaruba.com\/index.php\/privacy-policy\/","name":"Privacy Policy - Magic World Aruba","isPartOf":{"@id":"https:\/\/magicworldaruba.com\/#website"},"datePublished":"2022-06-28T21:40:06+00:00","dateModified":"2022-09-27T00:40:45+00:00","breadcrumb":{"@id":"https:\/\/magicworldaruba.com\/index.php\/privacy-policy\/#breadcrumb"},"inLanguage":"en-US","potentialAction":[{"@type":"ReadAction","target":["https:\/\/magicworldaruba.com\/index.php\/privacy-policy\/"]}]},{"@type":"BreadcrumbList","@id":"https:\/\/magicworldaruba.com\/index.php\/privacy-policy\/#breadcrumb","itemListElement":[{"@type":"ListItem","position":1,"name":"Home","item":"https:\/\/magicworldaruba.com\/"},{"@type":"ListItem","position":2,"name":"Privacy Policy"}]}]}},"_links":{"self":[{"href":"https:\/\/magicworldaruba.com\/index.php\/wp-json\/wp\/v2\/pages\/3"}],"collection":[{"href":"https:\/\/magicworldaruba.com\/index.php\/wp-json\/wp\/v2\/pages"}],"about":[{"href":"https:\/\/magicworldaruba.com\/index.php\/wp-json\/wp\/v2\/types\/page"}],"author":[{"embeddable":true,"href":"https:\/\/magicworldaruba.com\/index.php\/wp-json\/wp\/v2\/users\/1"}],"replies":[{"embeddable":true,"href":"https:\/\/magicworldaruba.com\/index.php\/wp-json\/wp\/v2\/comments?post=3"}],"version-history":[{"count":3,"href":"https:\/\/magicworldaruba.com\/index.php\/wp-json\/wp\/v2\/pages\/3\/revisions"}],"predecessor-version":[{"id":5566,"href":"https:\/\/magicworldaruba.com\/index.php\/wp-json\/wp\/v2\/pages\/3\/revisions\/5566"}],"wp:attachment":[{"href":"https:\/\/magicworldaruba.com\/index.php\/wp-json\/wp\/v2\/media?parent=3"}],"curies":[{"name":"wp","href":"https:\/\/api.w.org\/{rel}","templated":true}]}}